{"id":35263,"date":"2025-01-20T21:57:35","date_gmt":"2025-01-20T21:57:35","guid":{"rendered":"https:\/\/frontexprep.com\/politique-de-cookies\/"},"modified":"2025-09-04T23:01:02","modified_gmt":"2025-09-04T23:01:02","slug":"cookies-policy","status":"publish","type":"page","link":"https:\/\/frontexprep.com\/fr\/cookies-policy\/","title":{"rendered":"Politique de cookies"},"content":{"rendered":"\t\t<div data-elementor-type=\"wp-page\" data-elementor-id=\"35263\" class=\"elementor elementor-35263 elementor-23950\">\n\t\t\t\t<div class=\"elementor-element elementor-element-49ef4fc e-flex e-con-boxed e-con e-parent\" data-id=\"49ef4fc\" data-element_type=\"container\" data-e-type=\"container\" data-settings=\"{&quot;background_background&quot;:&quot;classic&quot;}\">\n\t\t\t\t\t<div class=\"e-con-inner\">\n\t\t<div class=\"elementor-element elementor-element-385ed03 e-con-full e-flex e-con e-child\" data-id=\"385ed03\" data-element_type=\"container\" data-e-type=\"container\">\n\t\t\t\t<div class=\"elementor-element elementor-element-7eb9620 elementor-widget elementor-widget-heading\" data-id=\"7eb9620\" data-element_type=\"widget\" data-e-type=\"widget\" data-widget_type=\"heading.default\">\n\t\t\t\t<div class=\"elementor-widget-container\">\n\t\t\t\t\t<h1 class=\"elementor-heading-title elementor-size-default\">Politique de cookies<\/h1>\t\t\t\t<\/div>\n\t\t\t\t<\/div>\n\t\t\t\t<\/div>\n\t\t\t\t\t<\/div>\n\t\t\t\t<\/div>\n\t\t<div class=\"elementor-element elementor-element-ecfbed4 e-flex e-con-boxed e-con e-parent\" data-id=\"ecfbed4\" data-element_type=\"container\" data-e-type=\"container\">\n\t\t\t\t\t<div class=\"e-con-inner\">\n\t\t\t\t<div class=\"elementor-element elementor-element-0c9e6fd elementor-widget-divider--view-line elementor-widget elementor-widget-divider\" data-id=\"0c9e6fd\" data-element_type=\"widget\" data-e-type=\"widget\" data-widget_type=\"divider.default\">\n\t\t\t\t<div class=\"elementor-widget-container\">\n\t\t\t\t\t\t\t<div class=\"elementor-divider\">\n\t\t\t<span class=\"elementor-divider-separator\">\n\t\t\t\t\t\t<\/span>\n\t\t<\/div>\n\t\t\t\t\t\t<\/div>\n\t\t\t\t<\/div>\n\t\t\t\t\t<\/div>\n\t\t\t\t<\/div>\n\t\t<div class=\"elementor-element elementor-element-8935dd8 e-flex e-con-boxed e-con e-parent\" data-id=\"8935dd8\" data-element_type=\"container\" data-e-type=\"container\">\n\t\t\t\t\t<div class=\"e-con-inner\">\n\t\t<div class=\"elementor-element elementor-element-d7d20c0 e-con-full e-flex e-con e-child\" data-id=\"d7d20c0\" data-element_type=\"container\" data-e-type=\"container\">\n\t\t\t\t<div class=\"elementor-element elementor-element-0ae1e6e elementor-widget elementor-widget-heading\" data-id=\"0ae1e6e\" data-element_type=\"widget\" data-e-type=\"widget\" data-widget_type=\"heading.default\">\n\t\t\t\t<div class=\"elementor-widget-container\">\n\t\t\t\t\t<h2 class=\"elementor-heading-title elementor-size-default\">Politique de cookies<\/h2>\t\t\t\t<\/div>\n\t\t\t\t<\/div>\n\t\t\t\t<\/div>\n\t\t<div class=\"elementor-element elementor-element-49f9b9f e-con-full e-flex e-con e-child\" data-id=\"49f9b9f\" data-element_type=\"container\" data-e-type=\"container\">\n\t\t\t\t<div class=\"elementor-element elementor-element-e25928c elementor-widget elementor-widget-text-editor\" data-id=\"e25928c\" data-element_type=\"widget\" data-e-type=\"widget\" data-widget_type=\"text-editor.default\">\n\t\t\t\t<div class=\"elementor-widget-container\">\n\t\t\t\t\t\t\t\t\t<p><strong>Date d\u2019entr\u00e9e en vigueur:<\/strong> 31 ao\u00fbt 2025<\/p>\t\t\t\t\t\t\t\t<\/div>\n\t\t\t\t<\/div>\n\t\t\t\t<div class=\"elementor-element elementor-element-1b719cd elementor-widget elementor-widget-text-editor\" data-id=\"1b719cd\" data-element_type=\"widget\" data-e-type=\"widget\" data-widget_type=\"text-editor.default\">\n\t\t\t\t<div class=\"elementor-widget-container\">\n\t\t\t\t\t\t\t\t\t<h3><strong>1. Pr\u00e9ambule<\/strong><\/h3><p>Ce site web, FrontexPrep.com, utilise des cookies afin d\u2019am\u00e9liorer l\u2019exp\u00e9rience utilisateur et d\u2019analyser le trafic du site. En utilisant ce site, vous consentez \u00e0 l\u2019utilisation de cookies telle que d\u00e9crite dans la pr\u00e9sente politique.<\/p><h3><strong>2. Que sont les cookies?<\/strong><\/h3><p>Les cookies sont de petits fichiers texte enregistr\u00e9s sur votre appareil lorsque vous visitez un site web. Ils contribuent \u00e0 am\u00e9liorer les fonctionnalit\u00e9s du site et fournissent des informations sur la mani\u00e8re dont les utilisateurs interagissent avec celui-ci.<\/p><h3><strong>3. Types de cookies que nous utilisons et dur\u00e9es de conservation<\/strong><\/h3><h4><strong>Cookies essentiels (n\u00e9cessaires au bon fonctionnement du site)<\/strong><\/h4><p>Ces cookies sont n\u00e9cessaires au bon fonctionnement du site web et ne peuvent pas \u00eatre d\u00e9sactiv\u00e9s.<\/p><table><thead><tr><th>Nom du cookie<\/th> \u2014 <th>Finalit\u00e9<\/th> \u2014 <th>Dur\u00e9e de conservation<\/th><\/tr><\/thead><tbody><tr><td><code>wp-wpml_current_language<\/code><\/td><td>Stocke la langue s\u00e9lectionn\u00e9e par l\u2019utilisateur.<\/td> <td>Jusqu\u2019\u00e0 la fin de la session du navigateur<\/td><\/tr><\/tbody><\/table><hr><h4><strong>Cookies d\u2019analyse (utilis\u00e9s pour le suivi des performances)<\/strong><\/h4><p>Nous utilisons Google Analytics pour suivre le trafic du site web et am\u00e9liorer l\u2019exp\u00e9rience utilisateur.<\/p><table><thead><tr><th>Nom du cookie<\/th> \u2014 <th>Finalit\u00e9<\/th> \u2014 <th>Dur\u00e9e de conservation<\/th><\/tr><\/thead><tbody><tr><td><code>_ga<\/code><\/td><td>Aide \u00e0 distinguer les utilisateurs uniques.<\/td> <td>2 ans (dur\u00e9e maximale autoris\u00e9e par le RGPD)<\/td><\/tr><tr><td><code>_ga_43KE7FFXEB<\/code><\/td><td>Suit les sessions et les interactions des utilisateurs.<\/td> <td>2 ans (dur\u00e9e maximale autoris\u00e9e par le RGPD)<\/td><\/tr><\/tbody><\/table><hr><h4><strong>Cookies de suivi et de r\u00e9f\u00e9rencement<\/strong><\/h4><p>Ces cookies permettent de suivre la mani\u00e8re dont les visiteurs acc\u00e8dent au site web et d\u2019identifier les sources de r\u00e9f\u00e9rencement.<\/p><table><thead><tr><th>Nom du cookie<\/th> \u2014 <th>Finalit\u00e9<\/th> \u2014 <th>Dur\u00e9e de conservation<\/th><\/tr><\/thead><tbody><tr><td><code>sbjs_migrations<\/code><\/td><td>Suit le parcours de l\u2019utilisateur sur le site web.<\/td> <td>6 mois<\/td><\/tr><tr><td><code>sbjs_current_add<\/code><\/td><td>Enregistre les d\u00e9tails relatifs \u00e0 la visite en cours. <\/td><td>6 mois<\/td><\/tr><tr><td><code>sbjs_first_add<\/code><\/td><td>Enregistre les d\u00e9tails relatifs \u00e0 la premi\u00e8re visite.<\/td> <td>6 mois<\/td><\/tr><tr><td><code>sbjs_current<\/code><\/td><td>Suit la source de r\u00e9f\u00e9rencement de l\u2019utilisateur.<\/td> <td>6 mois<\/td><\/tr><tr><td><code>sbjs_first<\/code><\/td><td>Enregistre la source de r\u00e9f\u00e9rencement initiale de l\u2019utilisateur.<\/td> <td>6 mois<\/td><\/tr><tr><td><code>sbjs_udata<\/code><\/td><td>Enregistre des donn\u00e9es relatives \u00e0 l\u2019utilisateur, telles que le type de navigateur et le nombre de visites. <\/td><td>6 mois<\/td><\/tr><tr><td><code>sbjs_session<\/code><\/td><td>Suit la navigation de l\u2019utilisateur pendant une session. <\/td><td>Jusqu\u2019\u00e0 la fin de la session du navigateur<\/td><\/tr><\/tbody><\/table><hr><h3><strong>4. Gestion des cookies<\/strong><\/h3><p>Vous pouvez contr\u00f4ler ou d\u00e9sactiver les cookies via les param\u00e8tres de votre navigateur. Pour en savoir plus, visitez:<\/p><ul><li><a href=\"https:\/\/support.google.com\/accounts\/answer\/61416?hl=en&amp;co=GENIE.Platform%3DDesktop\" target=\"_blank\" rel=\"noopener\">Google Chrome<\/a><\/li><li><a href=\"https:\/\/support.mozilla.org\/en-US\/kb\/enhanced-tracking-protection-firefox-desktop\" target=\"_blank\" rel=\"noopener\">Mozilla Firefox<\/a><\/li><li><a href=\"https:\/\/support.microsoft.com\/en-us\/help\/4468242\/microsoft-edge-browsing-data-and-privacy\" target=\"_blank\" rel=\"noopener\">Microsoft Edge<\/a><\/li><li><a href=\"https:\/\/support.apple.com\/en-us\/HT201265\" target=\"_blank\" rel=\"noopener\">Safari<\/a><\/li><\/ul><p>La d\u00e9sactivation des cookies peut affecter les fonctionnalit\u00e9s du site web.<\/p><h3><strong>5. Mises \u00e0 jour de la pr\u00e9sente politique<\/strong><\/h3><p>Nous pouvons mettre \u00e0 jour la pr\u00e9sente politique en mati\u00e8re de cookies de temps \u00e0 autre. Toute modification sera publi\u00e9e sur cette page.<\/p>\t\t\t\t\t\t\t\t<\/div>\n\t\t\t\t<\/div>\n\t\t\t\t<\/div>\n\t\t\t\t\t<\/div>\n\t\t\t\t<\/div>\n\t\t\t\t<\/div>\n\t\t","protected":false},"excerpt":{"rendered":"<p>Politique de cookies Politique de cookies Date d\u2019entr\u00e9e en vigueur: 31 ao\u00fbt 2025 1. Pr\u00e9ambule Ce site web, FrontexPrep.com, utilise des cookies afin d\u2019am\u00e9liorer l\u2019exp\u00e9rience utilisateur et d\u2019analyser le trafic du site. En utilisant ce site, vous consentez \u00e0 l\u2019utilisation de cookies telle que d\u00e9crite dans la pr\u00e9sente politique. 2. Que sont les cookies? Les&#8230;<\/p>\n","protected":false},"author":1,"featured_media":0,"parent":0,"menu_order":0,"comment_status":"closed","ping_status":"closed","template":"","meta":{"footnotes":""},"class_list":["post-35263","page","type-page","status-publish","hentry"],"yoast_head":"<!-- This site is optimized with the Yoast SEO plugin v27.4 - https:\/\/yoast.com\/product\/yoast-seo-wordpress\/ -->\n<title>Politique de cookies &#8226; FrontexPrep<\/title>\n<meta name=\"robots\" content=\"noindex, nofollow\" \/>\n<meta property=\"og:locale\" content=\"fr_FR\" \/>\n<meta property=\"og:type\" content=\"article\" \/>\n<meta property=\"og:title\" content=\"Politique de cookies &#8226; FrontexPrep\" \/>\n<meta property=\"og:description\" content=\"Politique de cookies Politique de cookies Date d\u2019entr\u00e9e en vigueur: 31 ao\u00fbt 2025 1. Pr\u00e9ambule Ce site web, FrontexPrep.com, utilise des cookies afin d\u2019am\u00e9liorer l\u2019exp\u00e9rience utilisateur et d\u2019analyser le trafic du site. En utilisant ce site, vous consentez \u00e0 l\u2019utilisation de cookies telle que d\u00e9crite dans la pr\u00e9sente politique. 2. Que sont les cookies? Les&#8230;\" \/>\n<meta property=\"og:url\" content=\"https:\/\/frontexprep.com\/fr\/cookies-policy\/\" \/>\n<meta property=\"og:site_name\" content=\"FrontexPrep\" \/>\n<meta property=\"article:modified_time\" content=\"2025-09-04T23:01:02+00:00\" \/>\n<meta property=\"og:image\" content=\"https:\/\/frontexprep.com\/wp-content\/uploads\/2025\/01\/site-image.jpg\" \/>\n\t<meta property=\"og:image:width\" content=\"1200\" \/>\n\t<meta property=\"og:image:height\" content=\"675\" \/>\n\t<meta property=\"og:image:type\" content=\"image\/jpeg\" \/>\n<meta name=\"twitter:card\" content=\"summary_large_image\" \/>\n<meta name=\"twitter:label1\" content=\"Dur\u00e9e de lecture estim\u00e9e\" \/>\n\t<meta name=\"twitter:data1\" content=\"2 minutes\" \/>\n<script type=\"application\/ld+json\" class=\"yoast-schema-graph\">{\"@context\":\"https:\\\/\\\/schema.org\",\"@graph\":[{\"@type\":\"WebPage\",\"@id\":\"https:\\\/\\\/frontexprep.com\\\/fr\\\/cookies-policy\\\/\",\"url\":\"https:\\\/\\\/frontexprep.com\\\/fr\\\/cookies-policy\\\/\",\"name\":\"Politique de cookies &#8226; FrontexPrep\",\"isPartOf\":{\"@id\":\"https:\\\/\\\/frontexprep.com\\\/fr\\\/#website\"},\"datePublished\":\"2025-01-20T21:57:35+00:00\",\"dateModified\":\"2025-09-04T23:01:02+00:00\",\"breadcrumb\":{\"@id\":\"https:\\\/\\\/frontexprep.com\\\/fr\\\/cookies-policy\\\/#breadcrumb\"},\"inLanguage\":\"fr-FR\",\"potentialAction\":[{\"@type\":\"ReadAction\",\"target\":[\"https:\\\/\\\/frontexprep.com\\\/fr\\\/cookies-policy\\\/\"]}]},{\"@type\":\"BreadcrumbList\",\"@id\":\"https:\\\/\\\/frontexprep.com\\\/fr\\\/cookies-policy\\\/#breadcrumb\",\"itemListElement\":[{\"@type\":\"ListItem\",\"position\":1,\"name\":\"Home\",\"item\":\"https:\\\/\\\/frontexprep.com\\\/fr\\\/\"},{\"@type\":\"ListItem\",\"position\":2,\"name\":\"Politique de cookies\"}]},{\"@type\":\"WebSite\",\"@id\":\"https:\\\/\\\/frontexprep.com\\\/fr\\\/#website\",\"url\":\"https:\\\/\\\/frontexprep.com\\\/fr\\\/\",\"name\":\"FrontexPrep\",\"description\":\"Course on Frontex Standing Corps Recruitment\",\"publisher\":{\"@id\":\"https:\\\/\\\/frontexprep.com\\\/fr\\\/#organization\"},\"potentialAction\":[{\"@type\":\"SearchAction\",\"target\":{\"@type\":\"EntryPoint\",\"urlTemplate\":\"https:\\\/\\\/frontexprep.com\\\/fr\\\/?s={search_term_string}\"},\"query-input\":{\"@type\":\"PropertyValueSpecification\",\"valueRequired\":true,\"valueName\":\"search_term_string\"}}],\"inLanguage\":\"fr-FR\"},{\"@type\":\"Organization\",\"@id\":\"https:\\\/\\\/frontexprep.com\\\/fr\\\/#organization\",\"name\":\"FrontexPrep\",\"url\":\"https:\\\/\\\/frontexprep.com\\\/fr\\\/\",\"logo\":{\"@type\":\"ImageObject\",\"inLanguage\":\"fr-FR\",\"@id\":\"https:\\\/\\\/frontexprep.com\\\/fr\\\/#\\\/schema\\\/logo\\\/image\\\/\",\"url\":\"https:\\\/\\\/frontexprep.com\\\/wp-content\\\/uploads\\\/2025\\\/01\\\/Standing-Corps-prep-course-logo.png\",\"contentUrl\":\"https:\\\/\\\/frontexprep.com\\\/wp-content\\\/uploads\\\/2025\\\/01\\\/Standing-Corps-prep-course-logo.png\",\"width\":158,\"height\":50,\"caption\":\"FrontexPrep\"},\"image\":{\"@id\":\"https:\\\/\\\/frontexprep.com\\\/fr\\\/#\\\/schema\\\/logo\\\/image\\\/\"}}]}<\/script>\n<!-- \/ Yoast SEO plugin. -->","yoast_head_json":{"title":"Politique de cookies &#8226; FrontexPrep","robots":{"index":"noindex","follow":"nofollow"},"og_locale":"fr_FR","og_type":"article","og_title":"Politique de cookies &#8226; FrontexPrep","og_description":"Politique de cookies Politique de cookies Date d\u2019entr\u00e9e en vigueur: 31 ao\u00fbt 2025 1. Pr\u00e9ambule Ce site web, FrontexPrep.com, utilise des cookies afin d\u2019am\u00e9liorer l\u2019exp\u00e9rience utilisateur et d\u2019analyser le trafic du site. En utilisant ce site, vous consentez \u00e0 l\u2019utilisation de cookies telle que d\u00e9crite dans la pr\u00e9sente politique. 2. Que sont les cookies? Les&#8230;","og_url":"https:\/\/frontexprep.com\/fr\/cookies-policy\/","og_site_name":"FrontexPrep","article_modified_time":"2025-09-04T23:01:02+00:00","og_image":[{"width":1200,"height":675,"url":"https:\/\/frontexprep.com\/wp-content\/uploads\/2025\/01\/site-image.jpg","type":"image\/jpeg"}],"twitter_card":"summary_large_image","twitter_misc":{"Dur\u00e9e de lecture estim\u00e9e":"2 minutes"},"schema":{"@context":"https:\/\/schema.org","@graph":[{"@type":"WebPage","@id":"https:\/\/frontexprep.com\/fr\/cookies-policy\/","url":"https:\/\/frontexprep.com\/fr\/cookies-policy\/","name":"Politique de cookies &#8226; FrontexPrep","isPartOf":{"@id":"https:\/\/frontexprep.com\/fr\/#website"},"datePublished":"2025-01-20T21:57:35+00:00","dateModified":"2025-09-04T23:01:02+00:00","breadcrumb":{"@id":"https:\/\/frontexprep.com\/fr\/cookies-policy\/#breadcrumb"},"inLanguage":"fr-FR","potentialAction":[{"@type":"ReadAction","target":["https:\/\/frontexprep.com\/fr\/cookies-policy\/"]}]},{"@type":"BreadcrumbList","@id":"https:\/\/frontexprep.com\/fr\/cookies-policy\/#breadcrumb","itemListElement":[{"@type":"ListItem","position":1,"name":"Home","item":"https:\/\/frontexprep.com\/fr\/"},{"@type":"ListItem","position":2,"name":"Politique de cookies"}]},{"@type":"WebSite","@id":"https:\/\/frontexprep.com\/fr\/#website","url":"https:\/\/frontexprep.com\/fr\/","name":"FrontexPrep","description":"Course on Frontex Standing Corps Recruitment","publisher":{"@id":"https:\/\/frontexprep.com\/fr\/#organization"},"potentialAction":[{"@type":"SearchAction","target":{"@type":"EntryPoint","urlTemplate":"https:\/\/frontexprep.com\/fr\/?s={search_term_string}"},"query-input":{"@type":"PropertyValueSpecification","valueRequired":true,"valueName":"search_term_string"}}],"inLanguage":"fr-FR"},{"@type":"Organization","@id":"https:\/\/frontexprep.com\/fr\/#organization","name":"FrontexPrep","url":"https:\/\/frontexprep.com\/fr\/","logo":{"@type":"ImageObject","inLanguage":"fr-FR","@id":"https:\/\/frontexprep.com\/fr\/#\/schema\/logo\/image\/","url":"https:\/\/frontexprep.com\/wp-content\/uploads\/2025\/01\/Standing-Corps-prep-course-logo.png","contentUrl":"https:\/\/frontexprep.com\/wp-content\/uploads\/2025\/01\/Standing-Corps-prep-course-logo.png","width":158,"height":50,"caption":"FrontexPrep"},"image":{"@id":"https:\/\/frontexprep.com\/fr\/#\/schema\/logo\/image\/"}}]}},"_links":{"self":[{"href":"https:\/\/frontexprep.com\/fr\/wp-json\/wp\/v2\/pages\/35263","targetHints":{"allow":["GET"]}}],"collection":[{"href":"https:\/\/frontexprep.com\/fr\/wp-json\/wp\/v2\/pages"}],"about":[{"href":"https:\/\/frontexprep.com\/fr\/wp-json\/wp\/v2\/types\/page"}],"author":[{"embeddable":true,"href":"https:\/\/frontexprep.com\/fr\/wp-json\/wp\/v2\/users\/1"}],"replies":[{"embeddable":true,"href":"https:\/\/frontexprep.com\/fr\/wp-json\/wp\/v2\/comments?post=35263"}],"version-history":[{"count":1,"href":"https:\/\/frontexprep.com\/fr\/wp-json\/wp\/v2\/pages\/35263\/revisions"}],"predecessor-version":[{"id":35264,"href":"https:\/\/frontexprep.com\/fr\/wp-json\/wp\/v2\/pages\/35263\/revisions\/35264"}],"wp:attachment":[{"href":"https:\/\/frontexprep.com\/fr\/wp-json\/wp\/v2\/media?parent=35263"}],"curies":[{"name":"wp","href":"https:\/\/api.w.org\/{rel}","templated":true}]}}