{"id":30223,"date":"2025-01-22T19:23:13","date_gmt":"2025-01-22T19:23:13","guid":{"rendered":"https:\/\/frontexprep.com\/kontaktirajte-nas\/"},"modified":"2025-02-02T17:05:09","modified_gmt":"2025-02-02T17:05:09","slug":"contact","status":"publish","type":"page","link":"https:\/\/frontexprep.com\/hr\/contact\/","title":{"rendered":"Kontaktirajte"},"content":{"rendered":"\t\t<div data-elementor-type=\"wp-page\" data-elementor-id=\"30223\" class=\"elementor elementor-30223 elementor-24174\">\n\t\t\t\t<div class=\"elementor-element elementor-element-49ef4fc e-flex e-con-boxed e-con e-parent\" data-id=\"49ef4fc\" data-element_type=\"container\" data-e-type=\"container\" data-settings=\"{&quot;background_background&quot;:&quot;classic&quot;}\">\n\t\t\t\t\t<div class=\"e-con-inner\">\n\t\t<div class=\"elementor-element elementor-element-385ed03 e-con-full e-flex e-con e-child\" data-id=\"385ed03\" data-element_type=\"container\" data-e-type=\"container\">\n\t\t\t\t<div class=\"elementor-element elementor-element-7eb9620 elementor-widget elementor-widget-heading\" data-id=\"7eb9620\" data-element_type=\"widget\" data-e-type=\"widget\" data-widget_type=\"heading.default\">\n\t\t\t\t<div class=\"elementor-widget-container\">\n\t\t\t\t\t<h1 class=\"elementor-heading-title elementor-size-default\">Kontaktirajte nas<\/h1>\t\t\t\t<\/div>\n\t\t\t\t<\/div>\n\t\t\t\t<\/div>\n\t\t\t\t\t<\/div>\n\t\t\t\t<\/div>\n\t\t\t\t<section class=\"elementor-section elementor-top-section elementor-element elementor-element-dbcab9a elementor-section-full_width elementor-section-height-min-height elementor-section-height-default elementor-section-items-middle\" data-id=\"dbcab9a\" data-element_type=\"section\" data-e-type=\"section\" data-settings=\"{&quot;background_background&quot;:&quot;classic&quot;}\">\n\t\t\t\t\t\t<div class=\"elementor-container elementor-column-gap-no\">\n\t\t\t\t\t<div class=\"elementor-column elementor-col-100 elementor-top-column elementor-element elementor-element-85bb968\" data-id=\"85bb968\" data-element_type=\"column\" data-e-type=\"column\">\n\t\t\t<div class=\"elementor-widget-wrap elementor-element-populated\">\n\t\t\t\t\t\t<section class=\"elementor-section elementor-inner-section elementor-element elementor-element-d377c46 elementor-section-content-middle elementor-section-boxed elementor-section-height-default elementor-section-height-default\" data-id=\"d377c46\" data-element_type=\"section\" data-e-type=\"section\" data-settings=\"{&quot;background_background&quot;:&quot;classic&quot;}\">\n\t\t\t\t\t\t<div class=\"elementor-container elementor-column-gap-extended\">\n\t\t\t\t\t<div class=\"elementor-column elementor-col-100 elementor-inner-column elementor-element elementor-element-4757bb7\" data-id=\"4757bb7\" data-element_type=\"column\" data-e-type=\"column\">\n\t\t\t<div class=\"elementor-widget-wrap elementor-element-populated\">\n\t\t\t\t\t\t<div class=\"elementor-element elementor-element-d84ade9 elementor-invisible elementor-widget elementor-widget-text-editor\" data-id=\"d84ade9\" data-element_type=\"widget\" data-e-type=\"widget\" data-settings=\"{&quot;_animation&quot;:&quot;edublink--slide-up&quot;,&quot;_animation_delay&quot;:200}\" data-widget_type=\"text-editor.default\">\n\t\t\t\t<div class=\"elementor-widget-container\">\n\t\t\t\t\t\t\t\t\t<h3 style=\"text-align: center;\"><span style=\"text-decoration: underline;\">Kontaktirajte nas<\/span><\/h3>\n\t\t\t\t\t\t\t\t<\/div>\n\t\t\t\t<\/div>\n\t\t\t\t\t<\/div>\n\t\t<\/div>\n\t\t\t\t\t<\/div>\n\t\t<\/section>\n\t\t\t\t<section class=\"elementor-section elementor-inner-section elementor-element elementor-element-fd5a159 elementor-section-content-middle elementor-section-boxed elementor-section-height-default elementor-section-height-default\" data-id=\"fd5a159\" data-element_type=\"section\" data-e-type=\"section\" data-settings=\"{&quot;background_background&quot;:&quot;classic&quot;}\">\n\t\t\t\t\t\t<div class=\"elementor-container elementor-column-gap-extended\">\n\t\t\t\t\t<div class=\"elementor-column elementor-col-50 elementor-inner-column elementor-element elementor-element-aba67a0\" data-id=\"aba67a0\" data-element_type=\"column\" data-e-type=\"column\">\n\t\t\t<div class=\"elementor-widget-wrap elementor-element-populated\">\n\t\t\t\t\t\t<div class=\"elementor-element elementor-element-914c947 elementor-invisible elementor-widget elementor-widget-text-editor\" data-id=\"914c947\" data-element_type=\"widget\" data-e-type=\"widget\" data-settings=\"{&quot;_animation&quot;:&quot;edublink--slide-up&quot;,&quot;_animation_delay&quot;:200}\" data-widget_type=\"text-editor.default\">\n\t\t\t\t<div class=\"elementor-widget-container\">\n\t\t\t\t\t\t\t\t\t<p>Hvala na va\u0161em interesu! Molimo imajte na umu:<\/p><h4><span style=\"text-decoration: underline;\"><strong>Podr\u0161ka za pla\u0107ene korisnike<\/strong><\/span><\/h4><p>Podr\u0161ka je dostupna isklju\u010divo za pla\u0107ene korisnike. Ako ste kupili te\u010daj, koristite podatke za kontakt pru\u017eene unutar te\u010daja za pomo\u0107.<\/p><h4><span style=\"text-decoration: underline;\"><strong>Informacije o prodaji<\/strong><\/span><\/h4><p>Detaljne informacije o te\u010dajevima, cijenama i besplatnim resursima dostupne su na na\u0161oj web stranici.<br \/>\ud83d\udc49 Pitanja o ovim temama mo\u017eda ne\u0107e dobiti odgovor.<\/p><h4><span style=\"text-decoration: underline;\"><strong>Za ostala pitanja<\/strong><\/span><\/h4><p>Koristite obrazac za:<\/p><ul><li>Povratne informacije o na\u0161im uslugama<\/li><li>Poslovne ili partnerske prilike<\/li><li>Prijavu tehni\u010dkih problema<\/li><\/ul><p>Prou\u010davamo sva pitanja i prioritetiziramo odgovore na temelju njihove prirode.<\/p>\t\t\t\t\t\t\t\t<\/div>\n\t\t\t\t<\/div>\n\t\t\t\t\t<\/div>\n\t\t<\/div>\n\t\t\t\t<div class=\"elementor-column elementor-col-50 elementor-inner-column elementor-element elementor-element-3f9ffe1\" data-id=\"3f9ffe1\" data-element_type=\"column\" data-e-type=\"column\">\n\t\t\t<div class=\"elementor-widget-wrap elementor-element-populated\">\n\t\t\t\t\t\t<div class=\"elementor-element elementor-element-3639132 elementor-widget elementor-widget-html\" data-id=\"3639132\" data-element_type=\"widget\" data-e-type=\"widget\" data-widget_type=\"html.default\">\n\t\t\t\t<div class=\"elementor-widget-container\">\n\t\t\t\t\t<script type=\"text\/javascript\" src=\"https:\/\/form.jotform.com\/jsform\/250216014930141\"><\/script>\t\t\t\t<\/div>\n\t\t\t\t<\/div>\n\t\t\t\t\t<\/div>\n\t\t<\/div>\n\t\t\t\t\t<\/div>\n\t\t<\/section>\n\t\t\t\t\t<\/div>\n\t\t<\/div>\n\t\t\t\t\t<\/div>\n\t\t<\/section>\n\t\t\t\t<\/div>\n\t\t","protected":false},"excerpt":{"rendered":"<p>Kontaktirajte nas Kontaktirajte nas Hvala na va\u0161em interesu! Molimo imajte na umu: Podr\u0161ka za pla\u0107ene korisnike Podr\u0161ka je dostupna isklju\u010divo za pla\u0107ene korisnike. Ako ste kupili te\u010daj, koristite podatke za kontakt pru\u017eene unutar te\u010daja za pomo\u0107. Informacije o prodaji Detaljne informacije o te\u010dajevima, cijenama i besplatnim resursima dostupne su na na\u0161oj web stranici.\ud83d\udc49 Pitanja o&#8230;<\/p>\n","protected":false},"author":1,"featured_media":0,"parent":0,"menu_order":0,"comment_status":"closed","ping_status":"closed","template":"","meta":{"footnotes":""},"class_list":["post-30223","page","type-page","status-publish","hentry"],"yoast_head":"<!-- This site is optimized with the Yoast SEO plugin v27.4 - https:\/\/yoast.com\/product\/yoast-seo-wordpress\/ -->\n<title>Kontaktirajte &#8226; FrontexPrep<\/title>\n<meta name=\"robots\" content=\"noindex, nofollow\" \/>\n<meta property=\"og:locale\" content=\"hr_HR\" \/>\n<meta property=\"og:type\" content=\"article\" \/>\n<meta property=\"og:title\" content=\"Kontaktirajte &#8226; FrontexPrep\" \/>\n<meta property=\"og:description\" content=\"Kontaktirajte nas Kontaktirajte nas Hvala na va\u0161em interesu! Molimo imajte na umu: Podr\u0161ka za pla\u0107ene korisnike Podr\u0161ka je dostupna isklju\u010divo za pla\u0107ene korisnike. Ako ste kupili te\u010daj, koristite podatke za kontakt pru\u017eene unutar te\u010daja za pomo\u0107. Informacije o prodaji Detaljne informacije o te\u010dajevima, cijenama i besplatnim resursima dostupne su na na\u0161oj web stranici.\ud83d\udc49 Pitanja o&#8230;\" \/>\n<meta property=\"og:url\" content=\"https:\/\/frontexprep.com\/hr\/contact\/\" \/>\n<meta property=\"og:site_name\" content=\"FrontexPrep\" \/>\n<meta property=\"article:modified_time\" content=\"2025-02-02T17:05:09+00:00\" \/>\n<meta property=\"og:image\" content=\"https:\/\/frontexprep.com\/wp-content\/uploads\/2025\/01\/site-image.jpg\" \/>\n\t<meta property=\"og:image:width\" content=\"1200\" \/>\n\t<meta property=\"og:image:height\" content=\"675\" \/>\n\t<meta property=\"og:image:type\" content=\"image\/jpeg\" \/>\n<meta name=\"twitter:card\" content=\"summary_large_image\" \/>\n<meta name=\"twitter:label1\" content=\"Procijenjeno vrijeme \u010ditanja\" \/>\n\t<meta name=\"twitter:data1\" content=\"1 minuta\" \/>\n<script type=\"application\/ld+json\" class=\"yoast-schema-graph\">{\"@context\":\"https:\\\/\\\/schema.org\",\"@graph\":[{\"@type\":\"WebPage\",\"@id\":\"https:\\\/\\\/frontexprep.com\\\/hr\\\/contact\\\/\",\"url\":\"https:\\\/\\\/frontexprep.com\\\/hr\\\/contact\\\/\",\"name\":\"Kontaktirajte &#8226; FrontexPrep\",\"isPartOf\":{\"@id\":\"https:\\\/\\\/frontexprep.com\\\/hr\\\/#website\"},\"datePublished\":\"2025-01-22T19:23:13+00:00\",\"dateModified\":\"2025-02-02T17:05:09+00:00\",\"breadcrumb\":{\"@id\":\"https:\\\/\\\/frontexprep.com\\\/hr\\\/contact\\\/#breadcrumb\"},\"inLanguage\":\"hr\",\"potentialAction\":[{\"@type\":\"ReadAction\",\"target\":[\"https:\\\/\\\/frontexprep.com\\\/hr\\\/contact\\\/\"]}]},{\"@type\":\"BreadcrumbList\",\"@id\":\"https:\\\/\\\/frontexprep.com\\\/hr\\\/contact\\\/#breadcrumb\",\"itemListElement\":[{\"@type\":\"ListItem\",\"position\":1,\"name\":\"Home\",\"item\":\"https:\\\/\\\/frontexprep.com\\\/hr\\\/\"},{\"@type\":\"ListItem\",\"position\":2,\"name\":\"Kontaktirajte\"}]},{\"@type\":\"WebSite\",\"@id\":\"https:\\\/\\\/frontexprep.com\\\/hr\\\/#website\",\"url\":\"https:\\\/\\\/frontexprep.com\\\/hr\\\/\",\"name\":\"FrontexPrep\",\"description\":\"Course on Frontex Standing Corps Recruitment\",\"publisher\":{\"@id\":\"https:\\\/\\\/frontexprep.com\\\/hr\\\/#organization\"},\"potentialAction\":[{\"@type\":\"SearchAction\",\"target\":{\"@type\":\"EntryPoint\",\"urlTemplate\":\"https:\\\/\\\/frontexprep.com\\\/hr\\\/?s={search_term_string}\"},\"query-input\":{\"@type\":\"PropertyValueSpecification\",\"valueRequired\":true,\"valueName\":\"search_term_string\"}}],\"inLanguage\":\"hr\"},{\"@type\":\"Organization\",\"@id\":\"https:\\\/\\\/frontexprep.com\\\/hr\\\/#organization\",\"name\":\"FrontexPrep\",\"url\":\"https:\\\/\\\/frontexprep.com\\\/hr\\\/\",\"logo\":{\"@type\":\"ImageObject\",\"inLanguage\":\"hr\",\"@id\":\"https:\\\/\\\/frontexprep.com\\\/hr\\\/#\\\/schema\\\/logo\\\/image\\\/\",\"url\":\"https:\\\/\\\/frontexprep.com\\\/wp-content\\\/uploads\\\/2025\\\/01\\\/Standing-Corps-prep-course-logo.png\",\"contentUrl\":\"https:\\\/\\\/frontexprep.com\\\/wp-content\\\/uploads\\\/2025\\\/01\\\/Standing-Corps-prep-course-logo.png\",\"width\":158,\"height\":50,\"caption\":\"FrontexPrep\"},\"image\":{\"@id\":\"https:\\\/\\\/frontexprep.com\\\/hr\\\/#\\\/schema\\\/logo\\\/image\\\/\"}}]}<\/script>\n<!-- \/ Yoast SEO plugin. -->","yoast_head_json":{"title":"Kontaktirajte &#8226; FrontexPrep","robots":{"index":"noindex","follow":"nofollow"},"og_locale":"hr_HR","og_type":"article","og_title":"Kontaktirajte &#8226; FrontexPrep","og_description":"Kontaktirajte nas Kontaktirajte nas Hvala na va\u0161em interesu! Molimo imajte na umu: Podr\u0161ka za pla\u0107ene korisnike Podr\u0161ka je dostupna isklju\u010divo za pla\u0107ene korisnike. Ako ste kupili te\u010daj, koristite podatke za kontakt pru\u017eene unutar te\u010daja za pomo\u0107. Informacije o prodaji Detaljne informacije o te\u010dajevima, cijenama i besplatnim resursima dostupne su na na\u0161oj web stranici.\ud83d\udc49 Pitanja o&#8230;","og_url":"https:\/\/frontexprep.com\/hr\/contact\/","og_site_name":"FrontexPrep","article_modified_time":"2025-02-02T17:05:09+00:00","og_image":[{"width":1200,"height":675,"url":"https:\/\/frontexprep.com\/wp-content\/uploads\/2025\/01\/site-image.jpg","type":"image\/jpeg"}],"twitter_card":"summary_large_image","twitter_misc":{"Procijenjeno vrijeme \u010ditanja":"1 minuta"},"schema":{"@context":"https:\/\/schema.org","@graph":[{"@type":"WebPage","@id":"https:\/\/frontexprep.com\/hr\/contact\/","url":"https:\/\/frontexprep.com\/hr\/contact\/","name":"Kontaktirajte &#8226; FrontexPrep","isPartOf":{"@id":"https:\/\/frontexprep.com\/hr\/#website"},"datePublished":"2025-01-22T19:23:13+00:00","dateModified":"2025-02-02T17:05:09+00:00","breadcrumb":{"@id":"https:\/\/frontexprep.com\/hr\/contact\/#breadcrumb"},"inLanguage":"hr","potentialAction":[{"@type":"ReadAction","target":["https:\/\/frontexprep.com\/hr\/contact\/"]}]},{"@type":"BreadcrumbList","@id":"https:\/\/frontexprep.com\/hr\/contact\/#breadcrumb","itemListElement":[{"@type":"ListItem","position":1,"name":"Home","item":"https:\/\/frontexprep.com\/hr\/"},{"@type":"ListItem","position":2,"name":"Kontaktirajte"}]},{"@type":"WebSite","@id":"https:\/\/frontexprep.com\/hr\/#website","url":"https:\/\/frontexprep.com\/hr\/","name":"FrontexPrep","description":"Course on Frontex Standing Corps Recruitment","publisher":{"@id":"https:\/\/frontexprep.com\/hr\/#organization"},"potentialAction":[{"@type":"SearchAction","target":{"@type":"EntryPoint","urlTemplate":"https:\/\/frontexprep.com\/hr\/?s={search_term_string}"},"query-input":{"@type":"PropertyValueSpecification","valueRequired":true,"valueName":"search_term_string"}}],"inLanguage":"hr"},{"@type":"Organization","@id":"https:\/\/frontexprep.com\/hr\/#organization","name":"FrontexPrep","url":"https:\/\/frontexprep.com\/hr\/","logo":{"@type":"ImageObject","inLanguage":"hr","@id":"https:\/\/frontexprep.com\/hr\/#\/schema\/logo\/image\/","url":"https:\/\/frontexprep.com\/wp-content\/uploads\/2025\/01\/Standing-Corps-prep-course-logo.png","contentUrl":"https:\/\/frontexprep.com\/wp-content\/uploads\/2025\/01\/Standing-Corps-prep-course-logo.png","width":158,"height":50,"caption":"FrontexPrep"},"image":{"@id":"https:\/\/frontexprep.com\/hr\/#\/schema\/logo\/image\/"}}]}},"_links":{"self":[{"href":"https:\/\/frontexprep.com\/hr\/wp-json\/wp\/v2\/pages\/30223","targetHints":{"allow":["GET"]}}],"collection":[{"href":"https:\/\/frontexprep.com\/hr\/wp-json\/wp\/v2\/pages"}],"about":[{"href":"https:\/\/frontexprep.com\/hr\/wp-json\/wp\/v2\/types\/page"}],"author":[{"embeddable":true,"href":"https:\/\/frontexprep.com\/hr\/wp-json\/wp\/v2\/users\/1"}],"replies":[{"embeddable":true,"href":"https:\/\/frontexprep.com\/hr\/wp-json\/wp\/v2\/comments?post=30223"}],"version-history":[{"count":5,"href":"https:\/\/frontexprep.com\/hr\/wp-json\/wp\/v2\/pages\/30223\/revisions"}],"predecessor-version":[{"id":30228,"href":"https:\/\/frontexprep.com\/hr\/wp-json\/wp\/v2\/pages\/30223\/revisions\/30228"}],"wp:attachment":[{"href":"https:\/\/frontexprep.com\/hr\/wp-json\/wp\/v2\/media?parent=30223"}],"curies":[{"name":"wp","href":"https:\/\/api.w.org\/{rel}","templated":true}]}}