{"id":30234,"date":"2025-01-22T19:23:13","date_gmt":"2025-01-22T19:23:13","guid":{"rendered":"https:\/\/frontexprep.com\/susisiekite-su-mumis\/"},"modified":"2025-02-02T17:16:35","modified_gmt":"2025-02-02T17:16:35","slug":"contact","status":"publish","type":"page","link":"https:\/\/frontexprep.com\/lt\/contact\/","title":{"rendered":"Susisiekite"},"content":{"rendered":"\t\t<div data-elementor-type=\"wp-page\" data-elementor-id=\"30234\" class=\"elementor elementor-30234 elementor-24174\">\n\t\t\t\t<div class=\"elementor-element elementor-element-49ef4fc e-flex e-con-boxed e-con e-parent\" data-id=\"49ef4fc\" data-element_type=\"container\" data-e-type=\"container\" data-settings=\"{&quot;background_background&quot;:&quot;classic&quot;}\">\n\t\t\t\t\t<div class=\"e-con-inner\">\n\t\t<div class=\"elementor-element elementor-element-385ed03 e-con-full e-flex e-con e-child\" data-id=\"385ed03\" data-element_type=\"container\" data-e-type=\"container\">\n\t\t\t\t<div class=\"elementor-element elementor-element-7eb9620 elementor-widget elementor-widget-heading\" data-id=\"7eb9620\" data-element_type=\"widget\" data-e-type=\"widget\" data-widget_type=\"heading.default\">\n\t\t\t\t<div class=\"elementor-widget-container\">\n\t\t\t\t\t<h1 class=\"elementor-heading-title elementor-size-default\">Susisiekite su mumis<\/h1>\t\t\t\t<\/div>\n\t\t\t\t<\/div>\n\t\t\t\t<\/div>\n\t\t\t\t\t<\/div>\n\t\t\t\t<\/div>\n\t\t\t\t<section class=\"elementor-section elementor-top-section elementor-element elementor-element-dbcab9a elementor-section-full_width elementor-section-height-min-height elementor-section-height-default elementor-section-items-middle\" data-id=\"dbcab9a\" data-element_type=\"section\" data-e-type=\"section\" data-settings=\"{&quot;background_background&quot;:&quot;classic&quot;}\">\n\t\t\t\t\t\t<div class=\"elementor-container elementor-column-gap-no\">\n\t\t\t\t\t<div class=\"elementor-column elementor-col-100 elementor-top-column elementor-element elementor-element-85bb968\" data-id=\"85bb968\" data-element_type=\"column\" data-e-type=\"column\">\n\t\t\t<div class=\"elementor-widget-wrap elementor-element-populated\">\n\t\t\t\t\t\t<section class=\"elementor-section elementor-inner-section elementor-element elementor-element-d377c46 elementor-section-content-middle elementor-section-boxed elementor-section-height-default elementor-section-height-default\" data-id=\"d377c46\" data-element_type=\"section\" data-e-type=\"section\" data-settings=\"{&quot;background_background&quot;:&quot;classic&quot;}\">\n\t\t\t\t\t\t<div class=\"elementor-container elementor-column-gap-extended\">\n\t\t\t\t\t<div class=\"elementor-column elementor-col-100 elementor-inner-column elementor-element elementor-element-4757bb7\" data-id=\"4757bb7\" data-element_type=\"column\" data-e-type=\"column\">\n\t\t\t<div class=\"elementor-widget-wrap elementor-element-populated\">\n\t\t\t\t\t\t<div class=\"elementor-element elementor-element-d84ade9 elementor-invisible elementor-widget elementor-widget-text-editor\" data-id=\"d84ade9\" data-element_type=\"widget\" data-e-type=\"widget\" data-settings=\"{&quot;_animation&quot;:&quot;edublink--slide-up&quot;,&quot;_animation_delay&quot;:200}\" data-widget_type=\"text-editor.default\">\n\t\t\t\t<div class=\"elementor-widget-container\">\n\t\t\t\t\t\t\t\t\t<h3 style=\"text-align: center;\"><span style=\"text-decoration: underline;\">Susisiekite su mumis<\/span><\/h3>\n\t\t\t\t\t\t\t\t<\/div>\n\t\t\t\t<\/div>\n\t\t\t\t\t<\/div>\n\t\t<\/div>\n\t\t\t\t\t<\/div>\n\t\t<\/section>\n\t\t\t\t<section class=\"elementor-section elementor-inner-section elementor-element elementor-element-fd5a159 elementor-section-content-middle elementor-section-boxed elementor-section-height-default elementor-section-height-default\" data-id=\"fd5a159\" data-element_type=\"section\" data-e-type=\"section\" data-settings=\"{&quot;background_background&quot;:&quot;classic&quot;}\">\n\t\t\t\t\t\t<div class=\"elementor-container elementor-column-gap-extended\">\n\t\t\t\t\t<div class=\"elementor-column elementor-col-50 elementor-inner-column elementor-element elementor-element-aba67a0\" data-id=\"aba67a0\" data-element_type=\"column\" data-e-type=\"column\">\n\t\t\t<div class=\"elementor-widget-wrap elementor-element-populated\">\n\t\t\t\t\t\t<div class=\"elementor-element elementor-element-914c947 elementor-invisible elementor-widget elementor-widget-text-editor\" data-id=\"914c947\" data-element_type=\"widget\" data-e-type=\"widget\" data-settings=\"{&quot;_animation&quot;:&quot;edublink--slide-up&quot;,&quot;_animation_delay&quot;:200}\" data-widget_type=\"text-editor.default\">\n\t\t\t\t<div class=\"elementor-widget-container\">\n\t\t\t\t\t\t\t\t\t<p>A\u010di\u016b u\u017e j\u016bs\u0173 susidom\u0117jim\u0105! Pra\u0161ome atkreipti d\u0117mes\u012f:<\/p><h4><span style=\"text-decoration: underline;\"><strong>Pagalba mokamiems vartotojams<\/strong><\/span><\/h4><p>Pagalba teikiama tik mokamiems vartotojams. Jei \u012fsigijote kurs\u0105, naudokite kurse pateiktus kontaktinius duomenis pagalbai gauti.<\/p><h4><span style=\"text-decoration: underline;\"><strong>Informacija apie pardavimus<\/strong><\/span><\/h4><p>I\u0161sam\u016bs kurso duomenys, kainos ir nemokami i\u0161tekliai yra pateikiami m\u016bs\u0173 svetain\u0117je.<br \/>\ud83d\udc49 Klausimai apie \u0161ias temas gali nesulaukti atsakymo.<\/p><h4><span style=\"text-decoration: underline;\"><strong>Kiti klausimai<\/strong><\/span><\/h4><p>Naudokite form\u0105:<\/p><ul><li>Atsiliepimams apie m\u016bs\u0173 paslaugas<\/li><li>Verslo ar partneryst\u0117s galimyb\u0117ms<\/li><li>Technini\u0173 problem\u0173 prane\u0161imams<\/li><\/ul><p>Mes per\u017ei\u016brime visus klausimus ir teikiame pirmenyb\u0119 atsakymams pagal j\u0173 pob\u016bd\u012f.<\/p>\t\t\t\t\t\t\t\t<\/div>\n\t\t\t\t<\/div>\n\t\t\t\t\t<\/div>\n\t\t<\/div>\n\t\t\t\t<div class=\"elementor-column elementor-col-50 elementor-inner-column elementor-element elementor-element-3f9ffe1\" data-id=\"3f9ffe1\" data-element_type=\"column\" data-e-type=\"column\">\n\t\t\t<div class=\"elementor-widget-wrap elementor-element-populated\">\n\t\t\t\t\t\t<div class=\"elementor-element elementor-element-3639132 elementor-widget elementor-widget-html\" data-id=\"3639132\" data-element_type=\"widget\" data-e-type=\"widget\" data-widget_type=\"html.default\">\n\t\t\t\t<div class=\"elementor-widget-container\">\n\t\t\t\t\t<script type=\"text\/javascript\" src=\"https:\/\/form.jotform.com\/jsform\/250216014930141\"><\/script>\t\t\t\t<\/div>\n\t\t\t\t<\/div>\n\t\t\t\t\t<\/div>\n\t\t<\/div>\n\t\t\t\t\t<\/div>\n\t\t<\/section>\n\t\t\t\t\t<\/div>\n\t\t<\/div>\n\t\t\t\t\t<\/div>\n\t\t<\/section>\n\t\t\t\t<\/div>\n\t\t","protected":false},"excerpt":{"rendered":"<p>Susisiekite su mumis Susisiekite su mumis A\u010di\u016b u\u017e j\u016bs\u0173 susidom\u0117jim\u0105! Pra\u0161ome atkreipti d\u0117mes\u012f: Pagalba mokamiems vartotojams Pagalba teikiama tik mokamiems vartotojams. Jei \u012fsigijote kurs\u0105, naudokite kurse pateiktus kontaktinius duomenis pagalbai gauti. Informacija apie pardavimus I\u0161sam\u016bs kurso duomenys, kainos ir nemokami i\u0161tekliai yra pateikiami m\u016bs\u0173 svetain\u0117je.\ud83d\udc49 Klausimai apie \u0161ias temas gali nesulaukti atsakymo. Kiti klausimai Naudokite&#8230;<\/p>\n","protected":false},"author":1,"featured_media":0,"parent":0,"menu_order":0,"comment_status":"closed","ping_status":"closed","template":"","meta":{"footnotes":""},"class_list":["post-30234","page","type-page","status-publish","hentry"],"yoast_head":"<!-- This site is optimized with the Yoast SEO plugin v27.4 - https:\/\/yoast.com\/product\/yoast-seo-wordpress\/ -->\n<title>Susisiekite &#8226; FrontexPrep<\/title>\n<meta name=\"robots\" content=\"noindex, nofollow\" \/>\n<meta property=\"og:locale\" content=\"lt_LT\" \/>\n<meta property=\"og:type\" content=\"article\" \/>\n<meta property=\"og:title\" content=\"Susisiekite &#8226; FrontexPrep\" \/>\n<meta property=\"og:description\" content=\"Susisiekite su mumis Susisiekite su mumis A\u010di\u016b u\u017e j\u016bs\u0173 susidom\u0117jim\u0105! Pra\u0161ome atkreipti d\u0117mes\u012f: Pagalba mokamiems vartotojams Pagalba teikiama tik mokamiems vartotojams. Jei \u012fsigijote kurs\u0105, naudokite kurse pateiktus kontaktinius duomenis pagalbai gauti. Informacija apie pardavimus I\u0161sam\u016bs kurso duomenys, kainos ir nemokami i\u0161tekliai yra pateikiami m\u016bs\u0173 svetain\u0117je.\ud83d\udc49 Klausimai apie \u0161ias temas gali nesulaukti atsakymo. Kiti klausimai Naudokite&#8230;\" \/>\n<meta property=\"og:url\" content=\"https:\/\/frontexprep.com\/lt\/contact\/\" \/>\n<meta property=\"og:site_name\" content=\"FrontexPrep\" \/>\n<meta property=\"article:modified_time\" content=\"2025-02-02T17:16:35+00:00\" \/>\n<meta property=\"og:image\" content=\"https:\/\/frontexprep.com\/wp-content\/uploads\/2025\/01\/site-image.jpg\" \/>\n\t<meta property=\"og:image:width\" content=\"1200\" \/>\n\t<meta property=\"og:image:height\" content=\"675\" \/>\n\t<meta property=\"og:image:type\" content=\"image\/jpeg\" \/>\n<meta name=\"twitter:card\" content=\"summary_large_image\" \/>\n<meta name=\"twitter:label1\" content=\"Est. reading time\" \/>\n\t<meta name=\"twitter:data1\" content=\"1 minut\u0117\" \/>\n<script type=\"application\/ld+json\" class=\"yoast-schema-graph\">{\"@context\":\"https:\\\/\\\/schema.org\",\"@graph\":[{\"@type\":\"WebPage\",\"@id\":\"https:\\\/\\\/frontexprep.com\\\/lt\\\/contact\\\/\",\"url\":\"https:\\\/\\\/frontexprep.com\\\/lt\\\/contact\\\/\",\"name\":\"Susisiekite &#8226; FrontexPrep\",\"isPartOf\":{\"@id\":\"https:\\\/\\\/frontexprep.com\\\/lt\\\/#website\"},\"datePublished\":\"2025-01-22T19:23:13+00:00\",\"dateModified\":\"2025-02-02T17:16:35+00:00\",\"breadcrumb\":{\"@id\":\"https:\\\/\\\/frontexprep.com\\\/lt\\\/contact\\\/#breadcrumb\"},\"inLanguage\":\"lt-LT\",\"potentialAction\":[{\"@type\":\"ReadAction\",\"target\":[\"https:\\\/\\\/frontexprep.com\\\/lt\\\/contact\\\/\"]}]},{\"@type\":\"BreadcrumbList\",\"@id\":\"https:\\\/\\\/frontexprep.com\\\/lt\\\/contact\\\/#breadcrumb\",\"itemListElement\":[{\"@type\":\"ListItem\",\"position\":1,\"name\":\"Home\",\"item\":\"https:\\\/\\\/frontexprep.com\\\/lt\\\/\"},{\"@type\":\"ListItem\",\"position\":2,\"name\":\"Susisiekite\"}]},{\"@type\":\"WebSite\",\"@id\":\"https:\\\/\\\/frontexprep.com\\\/lt\\\/#website\",\"url\":\"https:\\\/\\\/frontexprep.com\\\/lt\\\/\",\"name\":\"FrontexPrep\",\"description\":\"Course on Frontex Standing Corps Recruitment\",\"publisher\":{\"@id\":\"https:\\\/\\\/frontexprep.com\\\/lt\\\/#organization\"},\"potentialAction\":[{\"@type\":\"SearchAction\",\"target\":{\"@type\":\"EntryPoint\",\"urlTemplate\":\"https:\\\/\\\/frontexprep.com\\\/lt\\\/?s={search_term_string}\"},\"query-input\":{\"@type\":\"PropertyValueSpecification\",\"valueRequired\":true,\"valueName\":\"search_term_string\"}}],\"inLanguage\":\"lt-LT\"},{\"@type\":\"Organization\",\"@id\":\"https:\\\/\\\/frontexprep.com\\\/lt\\\/#organization\",\"name\":\"FrontexPrep\",\"url\":\"https:\\\/\\\/frontexprep.com\\\/lt\\\/\",\"logo\":{\"@type\":\"ImageObject\",\"inLanguage\":\"lt-LT\",\"@id\":\"https:\\\/\\\/frontexprep.com\\\/lt\\\/#\\\/schema\\\/logo\\\/image\\\/\",\"url\":\"https:\\\/\\\/frontexprep.com\\\/wp-content\\\/uploads\\\/2025\\\/01\\\/Standing-Corps-prep-course-logo.png\",\"contentUrl\":\"https:\\\/\\\/frontexprep.com\\\/wp-content\\\/uploads\\\/2025\\\/01\\\/Standing-Corps-prep-course-logo.png\",\"width\":158,\"height\":50,\"caption\":\"FrontexPrep\"},\"image\":{\"@id\":\"https:\\\/\\\/frontexprep.com\\\/lt\\\/#\\\/schema\\\/logo\\\/image\\\/\"}}]}<\/script>\n<!-- \/ Yoast SEO plugin. -->","yoast_head_json":{"title":"Susisiekite &#8226; FrontexPrep","robots":{"index":"noindex","follow":"nofollow"},"og_locale":"lt_LT","og_type":"article","og_title":"Susisiekite &#8226; FrontexPrep","og_description":"Susisiekite su mumis Susisiekite su mumis A\u010di\u016b u\u017e j\u016bs\u0173 susidom\u0117jim\u0105! Pra\u0161ome atkreipti d\u0117mes\u012f: Pagalba mokamiems vartotojams Pagalba teikiama tik mokamiems vartotojams. Jei \u012fsigijote kurs\u0105, naudokite kurse pateiktus kontaktinius duomenis pagalbai gauti. Informacija apie pardavimus I\u0161sam\u016bs kurso duomenys, kainos ir nemokami i\u0161tekliai yra pateikiami m\u016bs\u0173 svetain\u0117je.\ud83d\udc49 Klausimai apie \u0161ias temas gali nesulaukti atsakymo. Kiti klausimai Naudokite&#8230;","og_url":"https:\/\/frontexprep.com\/lt\/contact\/","og_site_name":"FrontexPrep","article_modified_time":"2025-02-02T17:16:35+00:00","og_image":[{"width":1200,"height":675,"url":"https:\/\/frontexprep.com\/wp-content\/uploads\/2025\/01\/site-image.jpg","type":"image\/jpeg"}],"twitter_card":"summary_large_image","twitter_misc":{"Est. reading time":"1 minut\u0117"},"schema":{"@context":"https:\/\/schema.org","@graph":[{"@type":"WebPage","@id":"https:\/\/frontexprep.com\/lt\/contact\/","url":"https:\/\/frontexprep.com\/lt\/contact\/","name":"Susisiekite &#8226; FrontexPrep","isPartOf":{"@id":"https:\/\/frontexprep.com\/lt\/#website"},"datePublished":"2025-01-22T19:23:13+00:00","dateModified":"2025-02-02T17:16:35+00:00","breadcrumb":{"@id":"https:\/\/frontexprep.com\/lt\/contact\/#breadcrumb"},"inLanguage":"lt-LT","potentialAction":[{"@type":"ReadAction","target":["https:\/\/frontexprep.com\/lt\/contact\/"]}]},{"@type":"BreadcrumbList","@id":"https:\/\/frontexprep.com\/lt\/contact\/#breadcrumb","itemListElement":[{"@type":"ListItem","position":1,"name":"Home","item":"https:\/\/frontexprep.com\/lt\/"},{"@type":"ListItem","position":2,"name":"Susisiekite"}]},{"@type":"WebSite","@id":"https:\/\/frontexprep.com\/lt\/#website","url":"https:\/\/frontexprep.com\/lt\/","name":"FrontexPrep","description":"Course on Frontex Standing Corps Recruitment","publisher":{"@id":"https:\/\/frontexprep.com\/lt\/#organization"},"potentialAction":[{"@type":"SearchAction","target":{"@type":"EntryPoint","urlTemplate":"https:\/\/frontexprep.com\/lt\/?s={search_term_string}"},"query-input":{"@type":"PropertyValueSpecification","valueRequired":true,"valueName":"search_term_string"}}],"inLanguage":"lt-LT"},{"@type":"Organization","@id":"https:\/\/frontexprep.com\/lt\/#organization","name":"FrontexPrep","url":"https:\/\/frontexprep.com\/lt\/","logo":{"@type":"ImageObject","inLanguage":"lt-LT","@id":"https:\/\/frontexprep.com\/lt\/#\/schema\/logo\/image\/","url":"https:\/\/frontexprep.com\/wp-content\/uploads\/2025\/01\/Standing-Corps-prep-course-logo.png","contentUrl":"https:\/\/frontexprep.com\/wp-content\/uploads\/2025\/01\/Standing-Corps-prep-course-logo.png","width":158,"height":50,"caption":"FrontexPrep"},"image":{"@id":"https:\/\/frontexprep.com\/lt\/#\/schema\/logo\/image\/"}}]}},"_links":{"self":[{"href":"https:\/\/frontexprep.com\/lt\/wp-json\/wp\/v2\/pages\/30234","targetHints":{"allow":["GET"]}}],"collection":[{"href":"https:\/\/frontexprep.com\/lt\/wp-json\/wp\/v2\/pages"}],"about":[{"href":"https:\/\/frontexprep.com\/lt\/wp-json\/wp\/v2\/types\/page"}],"author":[{"embeddable":true,"href":"https:\/\/frontexprep.com\/lt\/wp-json\/wp\/v2\/users\/1"}],"replies":[{"embeddable":true,"href":"https:\/\/frontexprep.com\/lt\/wp-json\/wp\/v2\/comments?post=30234"}],"version-history":[{"count":5,"href":"https:\/\/frontexprep.com\/lt\/wp-json\/wp\/v2\/pages\/30234\/revisions"}],"predecessor-version":[{"id":30240,"href":"https:\/\/frontexprep.com\/lt\/wp-json\/wp\/v2\/pages\/30234\/revisions\/30240"}],"wp:attachment":[{"href":"https:\/\/frontexprep.com\/lt\/wp-json\/wp\/v2\/media?parent=30234"}],"curies":[{"name":"wp","href":"https:\/\/api.w.org\/{rel}","templated":true}]}}