{"id":30005,"date":"2025-01-20T21:57:35","date_gmt":"2025-01-20T21:57:35","guid":{"rendered":"https:\/\/frontexprep.com\/polityka-dotyczaca-plikow-cookie\/"},"modified":"2025-02-01T23:20:18","modified_gmt":"2025-02-01T23:20:18","slug":"cookies-policy","status":"publish","type":"page","link":"https:\/\/frontexprep.com\/pl\/cookies-policy\/","title":{"rendered":"Polityka Plik\u00f3w Cookies"},"content":{"rendered":"\t\t<div data-elementor-type=\"wp-page\" data-elementor-id=\"30005\" class=\"elementor elementor-30005 elementor-23950\">\n\t\t\t\t<div class=\"elementor-element elementor-element-49ef4fc e-flex e-con-boxed e-con e-parent\" data-id=\"49ef4fc\" data-element_type=\"container\" data-e-type=\"container\" data-settings=\"{&quot;background_background&quot;:&quot;classic&quot;}\">\n\t\t\t\t\t<div class=\"e-con-inner\">\n\t\t<div class=\"elementor-element elementor-element-385ed03 e-con-full e-flex e-con e-child\" data-id=\"385ed03\" data-element_type=\"container\" data-e-type=\"container\">\n\t\t\t\t<div class=\"elementor-element elementor-element-7eb9620 elementor-widget elementor-widget-heading\" data-id=\"7eb9620\" data-element_type=\"widget\" data-e-type=\"widget\" data-widget_type=\"heading.default\">\n\t\t\t\t<div class=\"elementor-widget-container\">\n\t\t\t\t\t<h1 class=\"elementor-heading-title elementor-size-default\">Polityka Plik\u00f3w Cookies<\/h1>\t\t\t\t<\/div>\n\t\t\t\t<\/div>\n\t\t\t\t<\/div>\n\t\t\t\t\t<\/div>\n\t\t\t\t<\/div>\n\t\t<div class=\"elementor-element elementor-element-ecfbed4 e-flex e-con-boxed e-con e-parent\" data-id=\"ecfbed4\" data-element_type=\"container\" data-e-type=\"container\">\n\t\t\t\t\t<div class=\"e-con-inner\">\n\t\t\t\t<div class=\"elementor-element elementor-element-0c9e6fd elementor-widget-divider--view-line elementor-widget elementor-widget-divider\" data-id=\"0c9e6fd\" data-element_type=\"widget\" data-e-type=\"widget\" data-widget_type=\"divider.default\">\n\t\t\t\t<div class=\"elementor-widget-container\">\n\t\t\t\t\t\t\t<div class=\"elementor-divider\">\n\t\t\t<span class=\"elementor-divider-separator\">\n\t\t\t\t\t\t<\/span>\n\t\t<\/div>\n\t\t\t\t\t\t<\/div>\n\t\t\t\t<\/div>\n\t\t\t\t\t<\/div>\n\t\t\t\t<\/div>\n\t\t<div class=\"elementor-element elementor-element-8935dd8 e-flex e-con-boxed e-con e-parent\" data-id=\"8935dd8\" data-element_type=\"container\" data-e-type=\"container\">\n\t\t\t\t\t<div class=\"e-con-inner\">\n\t\t<div class=\"elementor-element elementor-element-d7d20c0 e-con-full e-flex e-con e-child\" data-id=\"d7d20c0\" data-element_type=\"container\" data-e-type=\"container\">\n\t\t\t\t<div class=\"elementor-element elementor-element-0ae1e6e elementor-widget elementor-widget-heading\" data-id=\"0ae1e6e\" data-element_type=\"widget\" data-e-type=\"widget\" data-widget_type=\"heading.default\">\n\t\t\t\t<div class=\"elementor-widget-container\">\n\t\t\t\t\t<h2 class=\"elementor-heading-title elementor-size-default\">Polityka Plik\u00f3w Cookies<\/h2>\t\t\t\t<\/div>\n\t\t\t\t<\/div>\n\t\t\t\t<\/div>\n\t\t<div class=\"elementor-element elementor-element-49f9b9f e-con-full e-flex e-con e-child\" data-id=\"49f9b9f\" data-element_type=\"container\" data-e-type=\"container\">\n\t\t\t\t<div class=\"elementor-element elementor-element-e25928c elementor-widget elementor-widget-text-editor\" data-id=\"e25928c\" data-element_type=\"widget\" data-e-type=\"widget\" data-widget_type=\"text-editor.default\">\n\t\t\t\t<div class=\"elementor-widget-container\">\n\t\t\t\t\t\t\t\t\t<p><strong>Data wej\u015bcia w \u017cycie:<\/strong> 01 lutego 2025 r.<\/p>\n\t\t\t\t\t\t\t\t<\/div>\n\t\t\t\t<\/div>\n\t\t\t\t<div class=\"elementor-element elementor-element-1b719cd elementor-widget elementor-widget-text-editor\" data-id=\"1b719cd\" data-element_type=\"widget\" data-e-type=\"widget\" data-widget_type=\"text-editor.default\">\n\t\t\t\t<div class=\"elementor-widget-container\">\n\t\t\t\t\t\t\t\t\t<h3><strong>1. Wst\u0119p<\/strong><\/h3><p>Ta strona internetowa, FrontexPrep.com, u\u017cywa plik\u00f3w cookies w celu poprawy do\u015bwiadcze\u0144 u\u017cytkownika oraz analizy ruchu na stronie. Korzystaj\u0105c z tej strony, zgadzasz si\u0119 na u\u017cywanie plik\u00f3w cookies zgodnie z niniejsz\u0105 polityk\u0105.<\/p><h3><strong>2. Czym s\u0105 pliki cookies?<\/strong><\/h3><p>Pliki cookies to ma\u0142e pliki tekstowe przechowywane na Twoim urz\u0105dzeniu podczas odwiedzania strony internetowej. Pomagaj\u0105 one poprawi\u0107 funkcjonalno\u015b\u0107 witryny oraz dostarczaj\u0105 informacji na temat interakcji u\u017cytkownik\u00f3w ze stron\u0105.<\/p><h3><strong>3. Rodzaje u\u017cywanych plik\u00f3w cookies i okres ich przechowywania<\/strong><\/h3><h4><strong>Niezb\u0119dne pliki cookies (Wymagane do dzia\u0142ania strony)<\/strong><\/h4><p>Te pliki cookies s\u0105 niezb\u0119dne do prawid\u0142owego funkcjonowania strony i nie mo\u017cna ich wy\u0142\u0105czy\u0107.<\/p><table><thead><tr><th>Nazwa pliku cookie<\/th><th>Cel<\/th><th>Okres przechowywania<\/th><\/tr><\/thead><tbody><tr><td><code>wp-wpml_current_language<\/code><\/td><td>Przechowuje wybrany j\u0119zyk u\u017cytkownika.<\/td><td>Do zamkni\u0119cia przegl\u0105darki<\/td><\/tr><\/tbody><\/table><hr \/><h4><strong>Pliki cookies analityczne (S\u0142u\u017c\u0105ce do monitorowania wydajno\u015bci)<\/strong><\/h4><p>U\u017cywamy Google Analytics do monitorowania ruchu na stronie oraz poprawy do\u015bwiadcze\u0144 u\u017cytkownika.<\/p><table><thead><tr><th>Nazwa pliku cookie<\/th><th>Cel<\/th><th>Okres przechowywania<\/th><\/tr><\/thead><tbody><tr><td><code>_ga<\/code><\/td><td>Pomaga odr\u00f3\u017cnia\u0107 unikalnych u\u017cytkownik\u00f3w.<\/td><td>2 lata (maksymalny okres zgodnie z RODO)<\/td><\/tr><tr><td><code>_ga_43KE7FFXEB<\/code><\/td><td>\u015aledzi sesje u\u017cytkownik\u00f3w i interakcje.<\/td><td>2 lata (maksymalny okres zgodnie z RODO)<\/td><\/tr><\/tbody><\/table><hr \/><h4><strong>Pliki cookies \u015bledz\u0105ce i dotycz\u0105ce odsy\u0142aczy<\/strong><\/h4><p>Te pliki cookies monitoruj\u0105 spos\u00f3b, w jaki u\u017cytkownicy trafiaj\u0105 na stron\u0119 oraz zapisuj\u0105 \u017ar\u00f3d\u0142a odsy\u0142aczy.<\/p><table><thead><tr><th>Nazwa pliku cookie<\/th><th>Cel<\/th><th>Okres przechowywania<\/th><\/tr><\/thead><tbody><tr><td><code>sbjs_migrations<\/code><\/td><td>\u015aledzi \u015bcie\u017ck\u0119 u\u017cytkownika na stronie.<\/td><td>6 miesi\u0119cy<\/td><\/tr><tr><td><code>sbjs_current_add<\/code><\/td><td>Przechowuje szczeg\u00f3\u0142y dotycz\u0105ce bie\u017c\u0105cej wizyty.<\/td><td>6 miesi\u0119cy<\/td><\/tr><tr><td><code>sbjs_first_add<\/code><\/td><td>Przechowuje szczeg\u00f3\u0142y dotycz\u0105ce pierwszej wizyty.<\/td><td>6 miesi\u0119cy<\/td><\/tr><tr><td><code>sbjs_current<\/code><\/td><td>\u015aledzi \u017ar\u00f3d\u0142o odes\u0142ania u\u017cytkownika.<\/td><td>6 miesi\u0119cy<\/td><\/tr><tr><td><code>sbjs_first<\/code><\/td><td>Przechowuje pocz\u0105tkowe \u017ar\u00f3d\u0142o odes\u0142ania u\u017cytkownika.<\/td><td>6 miesi\u0119cy<\/td><\/tr><tr><td><code>sbjs_udata<\/code><\/td><td>Przechowuje dane u\u017cytkownika, takie jak typ przegl\u0105darki i liczba wizyt.<\/td><td>6 miesi\u0119cy<\/td><\/tr><tr><td><code>sbjs_session<\/code><\/td><td>\u015aledzi nawigacj\u0119 u\u017cytkownika w trakcie sesji.<\/td><td>Do zamkni\u0119cia przegl\u0105darki<\/td><\/tr><\/tbody><\/table><hr \/><h3><strong>4. Zarz\u0105dzanie plikami cookies<\/strong><\/h3><p>Mo\u017cesz zarz\u0105dza\u0107 lub wy\u0142\u0105czy\u0107 pliki cookies w ustawieniach swojej przegl\u0105darki. Wi\u0119cej informacji mo\u017cna znale\u017a\u0107 tutaj:<\/p><ul><li><a href=\"https:\/\/support.google.com\/accounts\/answer\/61416?hl=en&amp;co=GENIE.Platform%3DDesktop\" target=\"_blank\" rel=\"noopener\">Google Chrome<\/a><\/li><li><a href=\"https:\/\/support.mozilla.org\/pl\/kb\/enhanced-tracking-protection-firefox-desktop\" target=\"_blank\" rel=\"noopener\">Mozilla Firefox<\/a><\/li><li><a href=\"https:\/\/support.microsoft.com\/pl-pl\/help\/4468242\/microsoft-edge-browsing-data-and-privacy\" target=\"_blank\" rel=\"noopener\">Microsoft Edge<\/a><\/li><li><a href=\"https:\/\/support.apple.com\/pl-pl\/HT201265\" target=\"_blank\" rel=\"noopener\">Safari<\/a><\/li><\/ul><p>Wy\u0142\u0105czenie plik\u00f3w cookies mo\u017ce wp\u0142yn\u0105\u0107 na funkcjonalno\u015b\u0107 strony.<\/p><h3><strong>5. Aktualizacje polityki plik\u00f3w cookies<\/strong><\/h3><p>Polityka plik\u00f3w cookies mo\u017ce by\u0107 okresowo aktualizowana. Wszelkie zmiany b\u0119d\u0105 publikowane na tej stronie.<\/p>\t\t\t\t\t\t\t\t<\/div>\n\t\t\t\t<\/div>\n\t\t\t\t<\/div>\n\t\t\t\t\t<\/div>\n\t\t\t\t<\/div>\n\t\t\t\t<\/div>\n\t\t","protected":false},"excerpt":{"rendered":"<p>Polityka Plik\u00f3w Cookies Polityka Plik\u00f3w Cookies Data wej\u015bcia w \u017cycie: 01 lutego 2025 r. 1. Wst\u0119p Ta strona internetowa, FrontexPrep.com, u\u017cywa plik\u00f3w cookies w celu poprawy do\u015bwiadcze\u0144 u\u017cytkownika oraz analizy ruchu na stronie. Korzystaj\u0105c z tej strony, zgadzasz si\u0119 na u\u017cywanie plik\u00f3w cookies zgodnie z niniejsz\u0105 polityk\u0105. 2. Czym s\u0105 pliki cookies? Pliki cookies to&#8230;<\/p>\n","protected":false},"author":1,"featured_media":0,"parent":0,"menu_order":0,"comment_status":"closed","ping_status":"closed","template":"","meta":{"footnotes":""},"class_list":["post-30005","page","type-page","status-publish","hentry"],"yoast_head":"<!-- This site is optimized with the Yoast SEO plugin v27.4 - https:\/\/yoast.com\/product\/yoast-seo-wordpress\/ -->\n<title>Polityka Plik\u00f3w Cookies &#8226; FrontexPrep<\/title>\n<meta name=\"robots\" content=\"noindex, nofollow\" \/>\n<meta property=\"og:locale\" content=\"pl_PL\" \/>\n<meta property=\"og:type\" content=\"article\" \/>\n<meta property=\"og:title\" content=\"Polityka Plik\u00f3w Cookies &#8226; FrontexPrep\" \/>\n<meta property=\"og:description\" content=\"Polityka Plik\u00f3w Cookies Polityka Plik\u00f3w Cookies Data wej\u015bcia w \u017cycie: 01 lutego 2025 r. 1. Wst\u0119p Ta strona internetowa, FrontexPrep.com, u\u017cywa plik\u00f3w cookies w celu poprawy do\u015bwiadcze\u0144 u\u017cytkownika oraz analizy ruchu na stronie. Korzystaj\u0105c z tej strony, zgadzasz si\u0119 na u\u017cywanie plik\u00f3w cookies zgodnie z niniejsz\u0105 polityk\u0105. 2. Czym s\u0105 pliki cookies? Pliki cookies to&#8230;\" \/>\n<meta property=\"og:url\" content=\"https:\/\/frontexprep.com\/pl\/cookies-policy\/\" \/>\n<meta property=\"og:site_name\" content=\"FrontexPrep\" \/>\n<meta property=\"article:modified_time\" content=\"2025-02-01T23:20:18+00:00\" \/>\n<meta property=\"og:image\" content=\"https:\/\/frontexprep.com\/wp-content\/uploads\/2025\/01\/site-image.jpg\" \/>\n\t<meta property=\"og:image:width\" content=\"1200\" \/>\n\t<meta property=\"og:image:height\" content=\"675\" \/>\n\t<meta property=\"og:image:type\" content=\"image\/jpeg\" \/>\n<meta name=\"twitter:card\" content=\"summary_large_image\" \/>\n<meta name=\"twitter:label1\" content=\"Szacowany czas czytania\" \/>\n\t<meta name=\"twitter:data1\" content=\"2 minuty\" \/>\n<script type=\"application\/ld+json\" class=\"yoast-schema-graph\">{\"@context\":\"https:\\\/\\\/schema.org\",\"@graph\":[{\"@type\":\"WebPage\",\"@id\":\"https:\\\/\\\/frontexprep.com\\\/pl\\\/cookies-policy\\\/\",\"url\":\"https:\\\/\\\/frontexprep.com\\\/pl\\\/cookies-policy\\\/\",\"name\":\"Polityka Plik\u00f3w Cookies &#8226; FrontexPrep\",\"isPartOf\":{\"@id\":\"https:\\\/\\\/frontexprep.com\\\/pl\\\/#website\"},\"datePublished\":\"2025-01-20T21:57:35+00:00\",\"dateModified\":\"2025-02-01T23:20:18+00:00\",\"breadcrumb\":{\"@id\":\"https:\\\/\\\/frontexprep.com\\\/pl\\\/cookies-policy\\\/#breadcrumb\"},\"inLanguage\":\"pl-PL\",\"potentialAction\":[{\"@type\":\"ReadAction\",\"target\":[\"https:\\\/\\\/frontexprep.com\\\/pl\\\/cookies-policy\\\/\"]}]},{\"@type\":\"BreadcrumbList\",\"@id\":\"https:\\\/\\\/frontexprep.com\\\/pl\\\/cookies-policy\\\/#breadcrumb\",\"itemListElement\":[{\"@type\":\"ListItem\",\"position\":1,\"name\":\"Home\",\"item\":\"https:\\\/\\\/frontexprep.com\\\/pl\\\/\"},{\"@type\":\"ListItem\",\"position\":2,\"name\":\"Polityka Plik\u00f3w Cookies\"}]},{\"@type\":\"WebSite\",\"@id\":\"https:\\\/\\\/frontexprep.com\\\/pl\\\/#website\",\"url\":\"https:\\\/\\\/frontexprep.com\\\/pl\\\/\",\"name\":\"FrontexPrep\",\"description\":\"Course on Frontex Standing Corps Recruitment\",\"publisher\":{\"@id\":\"https:\\\/\\\/frontexprep.com\\\/pl\\\/#organization\"},\"potentialAction\":[{\"@type\":\"SearchAction\",\"target\":{\"@type\":\"EntryPoint\",\"urlTemplate\":\"https:\\\/\\\/frontexprep.com\\\/pl\\\/?s={search_term_string}\"},\"query-input\":{\"@type\":\"PropertyValueSpecification\",\"valueRequired\":true,\"valueName\":\"search_term_string\"}}],\"inLanguage\":\"pl-PL\"},{\"@type\":\"Organization\",\"@id\":\"https:\\\/\\\/frontexprep.com\\\/pl\\\/#organization\",\"name\":\"FrontexPrep\",\"url\":\"https:\\\/\\\/frontexprep.com\\\/pl\\\/\",\"logo\":{\"@type\":\"ImageObject\",\"inLanguage\":\"pl-PL\",\"@id\":\"https:\\\/\\\/frontexprep.com\\\/pl\\\/#\\\/schema\\\/logo\\\/image\\\/\",\"url\":\"https:\\\/\\\/frontexprep.com\\\/wp-content\\\/uploads\\\/2025\\\/01\\\/Standing-Corps-prep-course-logo.png\",\"contentUrl\":\"https:\\\/\\\/frontexprep.com\\\/wp-content\\\/uploads\\\/2025\\\/01\\\/Standing-Corps-prep-course-logo.png\",\"width\":158,\"height\":50,\"caption\":\"FrontexPrep\"},\"image\":{\"@id\":\"https:\\\/\\\/frontexprep.com\\\/pl\\\/#\\\/schema\\\/logo\\\/image\\\/\"}}]}<\/script>\n<!-- \/ Yoast SEO plugin. -->","yoast_head_json":{"title":"Polityka Plik\u00f3w Cookies &#8226; FrontexPrep","robots":{"index":"noindex","follow":"nofollow"},"og_locale":"pl_PL","og_type":"article","og_title":"Polityka Plik\u00f3w Cookies &#8226; FrontexPrep","og_description":"Polityka Plik\u00f3w Cookies Polityka Plik\u00f3w Cookies Data wej\u015bcia w \u017cycie: 01 lutego 2025 r. 1. Wst\u0119p Ta strona internetowa, FrontexPrep.com, u\u017cywa plik\u00f3w cookies w celu poprawy do\u015bwiadcze\u0144 u\u017cytkownika oraz analizy ruchu na stronie. Korzystaj\u0105c z tej strony, zgadzasz si\u0119 na u\u017cywanie plik\u00f3w cookies zgodnie z niniejsz\u0105 polityk\u0105. 2. Czym s\u0105 pliki cookies? Pliki cookies to&#8230;","og_url":"https:\/\/frontexprep.com\/pl\/cookies-policy\/","og_site_name":"FrontexPrep","article_modified_time":"2025-02-01T23:20:18+00:00","og_image":[{"width":1200,"height":675,"url":"https:\/\/frontexprep.com\/wp-content\/uploads\/2025\/01\/site-image.jpg","type":"image\/jpeg"}],"twitter_card":"summary_large_image","twitter_misc":{"Szacowany czas czytania":"2 minuty"},"schema":{"@context":"https:\/\/schema.org","@graph":[{"@type":"WebPage","@id":"https:\/\/frontexprep.com\/pl\/cookies-policy\/","url":"https:\/\/frontexprep.com\/pl\/cookies-policy\/","name":"Polityka Plik\u00f3w Cookies &#8226; FrontexPrep","isPartOf":{"@id":"https:\/\/frontexprep.com\/pl\/#website"},"datePublished":"2025-01-20T21:57:35+00:00","dateModified":"2025-02-01T23:20:18+00:00","breadcrumb":{"@id":"https:\/\/frontexprep.com\/pl\/cookies-policy\/#breadcrumb"},"inLanguage":"pl-PL","potentialAction":[{"@type":"ReadAction","target":["https:\/\/frontexprep.com\/pl\/cookies-policy\/"]}]},{"@type":"BreadcrumbList","@id":"https:\/\/frontexprep.com\/pl\/cookies-policy\/#breadcrumb","itemListElement":[{"@type":"ListItem","position":1,"name":"Home","item":"https:\/\/frontexprep.com\/pl\/"},{"@type":"ListItem","position":2,"name":"Polityka Plik\u00f3w Cookies"}]},{"@type":"WebSite","@id":"https:\/\/frontexprep.com\/pl\/#website","url":"https:\/\/frontexprep.com\/pl\/","name":"FrontexPrep","description":"Course on Frontex Standing Corps Recruitment","publisher":{"@id":"https:\/\/frontexprep.com\/pl\/#organization"},"potentialAction":[{"@type":"SearchAction","target":{"@type":"EntryPoint","urlTemplate":"https:\/\/frontexprep.com\/pl\/?s={search_term_string}"},"query-input":{"@type":"PropertyValueSpecification","valueRequired":true,"valueName":"search_term_string"}}],"inLanguage":"pl-PL"},{"@type":"Organization","@id":"https:\/\/frontexprep.com\/pl\/#organization","name":"FrontexPrep","url":"https:\/\/frontexprep.com\/pl\/","logo":{"@type":"ImageObject","inLanguage":"pl-PL","@id":"https:\/\/frontexprep.com\/pl\/#\/schema\/logo\/image\/","url":"https:\/\/frontexprep.com\/wp-content\/uploads\/2025\/01\/Standing-Corps-prep-course-logo.png","contentUrl":"https:\/\/frontexprep.com\/wp-content\/uploads\/2025\/01\/Standing-Corps-prep-course-logo.png","width":158,"height":50,"caption":"FrontexPrep"},"image":{"@id":"https:\/\/frontexprep.com\/pl\/#\/schema\/logo\/image\/"}}]}},"_links":{"self":[{"href":"https:\/\/frontexprep.com\/pl\/wp-json\/wp\/v2\/pages\/30005","targetHints":{"allow":["GET"]}}],"collection":[{"href":"https:\/\/frontexprep.com\/pl\/wp-json\/wp\/v2\/pages"}],"about":[{"href":"https:\/\/frontexprep.com\/pl\/wp-json\/wp\/v2\/types\/page"}],"author":[{"embeddable":true,"href":"https:\/\/frontexprep.com\/pl\/wp-json\/wp\/v2\/users\/1"}],"replies":[{"embeddable":true,"href":"https:\/\/frontexprep.com\/pl\/wp-json\/wp\/v2\/comments?post=30005"}],"version-history":[{"count":8,"href":"https:\/\/frontexprep.com\/pl\/wp-json\/wp\/v2\/pages\/30005\/revisions"}],"predecessor-version":[{"id":30013,"href":"https:\/\/frontexprep.com\/pl\/wp-json\/wp\/v2\/pages\/30005\/revisions\/30013"}],"wp:attachment":[{"href":"https:\/\/frontexprep.com\/pl\/wp-json\/wp\/v2\/media?parent=30005"}],"curies":[{"name":"wp","href":"https:\/\/api.w.org\/{rel}","templated":true}]}}